{"id":7638,"date":"2020-03-24T22:18:01","date_gmt":"2020-03-24T21:18:01","guid":{"rendered":"https:\/\/sea-eye.org\/?page_id=7638"},"modified":"2022-06-02T10:34:31","modified_gmt":"2022-06-02T08:34:31","slug":"seefuchs","status":"publish","type":"page","link":"https:\/\/sea-eye.org\/it\/informare\/seefuchs\/","title":{"rendered":"SEEFUCHS"},"content":{"rendered":"<div id='full_slider_1'  class='avia-fullwidth-slider main_color avia-shadow   avia-builder-el-0  el_before_av_heading  avia-builder-el-first   container_wrap sidebar_right'  >\n<style type=\"text\/css\" data-created_by=\"avia_inline_auto\" id=\"style-css-av-k83ckd1y-810ea031c5c283337551c6bcbe14dda3\">\n#top #wrap_all .avia-slideshow .av-slideshow-caption.av-k83ckd1y-810ea031c5c283337551c6bcbe14dda3__0 .avia-caption-title{\nfont-size:70px;\n}\n#top .avia-slideshow .av-slideshow-caption.av-k83ckd1y-810ea031c5c283337551c6bcbe14dda3__0 .avia-caption-content{\nfont-size:38px;\n}\n#top .avia-slideshow .av-slideshow-caption.av-k83ckd1y-810ea031c5c283337551c6bcbe14dda3__0 .avia-caption-content p{\nfont-size:38px;\n}\n<\/style>\n<div  class='avia-slideshow av-k83ckd1y-810ea031c5c283337551c6bcbe14dda3 avia-slideshow-featured_large av_slideshow_full avia-slide-slider av-slideshow-ui av-control-default av-slideshow-manual av-loop-once av-loop-manual-endless av-default-height-applied   avia-slideshow-1' data-slideshow-options=\"{&quot;animation&quot;:&quot;slide&quot;,&quot;autoplay&quot;:false,&quot;loop_autoplay&quot;:&quot;once&quot;,&quot;interval&quot;:5,&quot;loop_manual&quot;:&quot;manual-endless&quot;,&quot;autoplay_stopper&quot;:false,&quot;noNavigation&quot;:false,&quot;bg_slider&quot;:false,&quot;keep_padding&quot;:false,&quot;hoverpause&quot;:false,&quot;show_slide_delay&quot;:0}\"  itemprop=\"image\" itemscope=\"itemscope\" itemtype=\"https:\/\/schema.org\/ImageObject\" ><ul class='avia-slideshow-inner ' style='padding-bottom: 42%;'><li  class='avia-slideshow-slide av-k83ckd1y-810ea031c5c283337551c6bcbe14dda3__0  av-single-slide slide-1 slide-odd'><div data-rel='slideshow-1' class='avia-slide-wrap '   ><div class='av-slideshow-caption av-k83ckd1y-810ea031c5c283337551c6bcbe14dda3__0 caption_fullwidth caption_center caption_center_framed caption_framed'><div class=\"container caption_container\"><div class=\"slideshow_caption\"><div class=\"slideshow_inner_caption\"><div class=\"slideshow_align_caption\"><h2 class='avia-caption-title '  itemprop=\"name\" >Seefuchs<\/h2><div class='avia-caption-content '  itemprop=\"description\" ><p>La seconda nave di salvataggio<\/p>\n<\/div><\/div><\/div><\/div><\/div><\/div><img decoding=\"async\" fetchpriority=\"high\" class=\"wp-image-4869 avia-img-lazy-loading-not-4869\"  src=\"https:\/\/sea-eye.org\/wp-content\/uploads\/2020\/03\/Seefuchs_Mittelmeer_3_c_sea-eye.org_-1500x630.jpg\" width=\"1500\" height=\"630\" title='SEEFUCHS nel Mediterraneo' alt='SEEFUCHS nel Mediterraneo'  itemprop=\"thumbnailUrl\"   \/><\/div><\/li><\/ul><\/div><\/div><div id='after_full_slider_1'  class='main_color av_default_container_wrap container_wrap sidebar_right'  ><div class='container av-section-cont-open' ><div class='template-page content  av-content-small alpha units'><div class='post-entry post-entry-type-page post-entry-7638'><div class='entry-content-wrapper clearfix'>\n\n<style type=\"text\/css\" data-created_by=\"avia_inline_auto\" id=\"style-css-av-av_heading-2d19eeea9e185c78f5f6a147832a5808\">\n#top .av-special-heading.av-av_heading-2d19eeea9e185c78f5f6a147832a5808{\npadding-bottom:10px;\nfont-size:50px;\n}\nbody .av-special-heading.av-av_heading-2d19eeea9e185c78f5f6a147832a5808 .av-special-heading-tag .heading-char{\nfont-size:25px;\n}\n#top #wrap_all .av-special-heading.av-av_heading-2d19eeea9e185c78f5f6a147832a5808 .av-special-heading-tag{\nfont-size:50px;\n}\n.av-special-heading.av-av_heading-2d19eeea9e185c78f5f6a147832a5808 .av-subheading{\nfont-size:30px;\n}\n\n@media only screen and (min-width: 480px) and (max-width: 767px){ \n#top #wrap_all .av-special-heading.av-av_heading-2d19eeea9e185c78f5f6a147832a5808 .av-special-heading-tag{\nfont-size:0.8em;\n}\n}\n\n@media only screen and (max-width: 479px){ \n#top #wrap_all .av-special-heading.av-av_heading-2d19eeea9e185c78f5f6a147832a5808 .av-special-heading-tag{\nfont-size:0.8em;\n}\n}\n<\/style>\n<div  class='av-special-heading av-av_heading-2d19eeea9e185c78f5f6a147832a5808 av-special-heading-h3 blockquote modern-quote  avia-builder-el-1  el_after_av_slideshow_full  el_before_av_one_half  avia-builder-el-first  av-inherit-size av-linked-heading'><h3 class='av-special-heading-tag '  itemprop=\"headline\"  >La SEEFUCHS<\/h3><div class='av-subheading av-subheading_below'><p>Date della missione: 2017-2018<\/p>\n<\/div><div class=\"special-heading-border\"><div class=\"special-heading-inner-border\"><\/div><\/div><\/div>\n\n<style type=\"text\/css\" data-created_by=\"avia_inline_auto\" id=\"style-css-av-d146eh-cb85f7e6d02670056b1edfa3694b1def\">\n.flex_column.av-d146eh-cb85f7e6d02670056b1edfa3694b1def{\nborder-radius:0px 0px 0px 0px;\npadding:0px 0px 0px 0px;\n}\n<\/style>\n<div  class='flex_column av-d146eh-cb85f7e6d02670056b1edfa3694b1def av_one_half  avia-builder-el-2  el_after_av_heading  el_before_av_one_half  first flex_column_div av-zero-column-padding  '     ><section  class='av_textblock_section av-k86d56oy-3c11d0b027632f4bfa4f958c79b4ced3 '   itemscope=\"itemscope\" itemtype=\"https:\/\/schema.org\/CreativeWork\" ><div class='avia_textblock'  itemprop=\"text\" ><p>Due anni dopo la fondazione dell\u2019associazione nel 2015, la situazione nel Mediterraneo era ancora catastrofale. Milioni di bambini, donne e uomini continuavano a scappare da violazioni di Diritti Umani attraverso il Mar Mediterraneo. L&#8217;Italia cancell\u00f2 la missione di salvataggio Mare Nostrum nel 2014, e l&#8217;Unione Europea da quel momento rifiut\u00f2 ogni responsabilit\u00e0 sulla situazione nel Mediterraneo.<\/p>\n<p>In modo da poter portare aiuto a pi\u00f9 persone nel momento pi\u00f9 difficile della loro vita, e per segnare la propria presenza nell\u2019area, nel 2017 l\u2019associazione compr\u00f2 la SEEFUCHS (Anno di costruzione 1959). L\u2019ex nave da ricerca era dello stesso tipo di costruzione della nostra prima nave da soccorso <a href=\"https:\/\/sea-eye.org\/it\/informare\/sea-eye\/\">SEA-EYE<\/a>.<\/p>\n<\/div><\/section><\/div>\n\n<style type=\"text\/css\" data-created_by=\"avia_inline_auto\" id=\"style-css-av-av63vt-15ba525c45cb1bde2254d0d7117f174e\">\n.flex_column.av-av63vt-15ba525c45cb1bde2254d0d7117f174e{\nborder-radius:0px 0px 0px 0px;\npadding:0px 0px 0px 0px;\n}\n<\/style>\n<div  class='flex_column av-av63vt-15ba525c45cb1bde2254d0d7117f174e av_one_half  avia-builder-el-4  el_after_av_one_half  el_before_av_one_half  flex_column_div av-zero-column-padding  '     ><div  class='avia-slideshow av-k70a1khk-4f4f8fbe6fed263c2dfa010ce65a4079 avia-slideshow-no scaling av_slideshow avia-slide-slider  avia-builder-el-5  avia-builder-el-no-sibling  av-slideshow-ui av-control-default av-slideshow-manual av-loop-once av-loop-manual-endless avia-slideshow-2' data-slideshow-options=\"{&quot;animation&quot;:&quot;slide&quot;,&quot;autoplay&quot;:false,&quot;loop_autoplay&quot;:&quot;once&quot;,&quot;interval&quot;:5,&quot;loop_manual&quot;:&quot;manual-endless&quot;,&quot;autoplay_stopper&quot;:false,&quot;noNavigation&quot;:false,&quot;bg_slider&quot;:false,&quot;keep_padding&quot;:false,&quot;hoverpause&quot;:false,&quot;show_slide_delay&quot;:0}\"  itemprop=\"image\" itemscope=\"itemscope\" itemtype=\"https:\/\/schema.org\/ImageObject\" ><ul class='avia-slideshow-inner ' ><\/ul><\/div><\/div>\n\n<style type=\"text\/css\" data-created_by=\"avia_inline_auto\" id=\"style-css-av-75pd7d-499e1cd05795b686a94d01df41ced7c1\">\n.flex_column.av-75pd7d-499e1cd05795b686a94d01df41ced7c1{\nborder-radius:0px 0px 0px 0px;\npadding:0px 0px 0px 0px;\n}\n<\/style>\n<div  class='flex_column av-75pd7d-499e1cd05795b686a94d01df41ced7c1 av_one_half  avia-builder-el-6  el_after_av_one_half  el_before_av_one_half  first flex_column_div av-zero-column-padding  column-top-margin'     ><div  class='avia-slideshow av-k70a1khk-5edf356a33f50ed3d3dc3465923a13d0 avia-slideshow-no scaling av_slideshow avia-slide-slider  avia-builder-el-7  avia-builder-el-no-sibling  av-slideshow-ui av-control-default av-slideshow-manual av-loop-once av-loop-manual-endless avia-slideshow-3' data-slideshow-options=\"{&quot;animation&quot;:&quot;slide&quot;,&quot;autoplay&quot;:false,&quot;loop_autoplay&quot;:&quot;once&quot;,&quot;interval&quot;:5,&quot;loop_manual&quot;:&quot;manual-endless&quot;,&quot;autoplay_stopper&quot;:false,&quot;noNavigation&quot;:false,&quot;bg_slider&quot;:false,&quot;keep_padding&quot;:false,&quot;hoverpause&quot;:false,&quot;show_slide_delay&quot;:0}\"  itemprop=\"image\" itemscope=\"itemscope\" itemtype=\"https:\/\/schema.org\/ImageObject\" ><ul class='avia-slideshow-inner ' ><\/ul><\/div><\/div>\n<style type=\"text\/css\" data-created_by=\"avia_inline_auto\" id=\"style-css-av-3nkgzd-33a2e96c1eb35d1c619494721e2be8f2\">\n.flex_column.av-3nkgzd-33a2e96c1eb35d1c619494721e2be8f2{\nborder-radius:0px 0px 0px 0px;\npadding:0px 0px 0px 0px;\n}\n<\/style>\n<div  class='flex_column av-3nkgzd-33a2e96c1eb35d1c619494721e2be8f2 av_one_half  avia-builder-el-8  el_after_av_one_half  el_before_av_one_half  flex_column_div av-zero-column-padding  column-top-margin'     ><section  class='av_textblock_section av-k86d5lut-5ec034f7a20fa11a31722a3340a66fcf '   itemscope=\"itemscope\" itemtype=\"https:\/\/schema.org\/CreativeWork\" ><div class='avia_textblock'  itemprop=\"text\" ><p>Dopo il trasporto della SEEFUCHS da Stralsund a Malta, la nostra nave rosso fuoco salp\u00f2 per la sua prima missione di salvataggio nel 2017. Fino all\u2019estate 2018 l\u2019equipaggio della SEEFUCHS fu impegnato in numerose azioni di salvataggio e document\u00f2 la situazione dei Diritti Umani nel Mediterraneo.<\/p>\n<p>Nell\u2019estate 2018 l\u2019Unione Europea interruppe tutte le azioni di salvataggio nel Mediterraneo. Allo stesso tempo, i soccorritori*trici del mare civili vennero combattuti attivamente da molti politici*che e le azioni salvavita vennero criminalizzate. Sotto la pressione dell\u2019allora ministro degli Interni italiano, Matteo Salvini, del partito populista di destra \u201cLega Nord\u201d, la bandiera olandese fu rimossa da entrambe le nostre navi <a href=\"https:\/\/sea-eye.org\/it\/informare\/sea-eye\/\">SEA-EYE<\/a> e SEEFUCHS.<\/p>\n<\/div><\/section><\/div><\/p>\n\n<style type=\"text\/css\" data-created_by=\"avia_inline_auto\" id=\"style-css-av-2oc949-0f717148843ecb41a721cebe612fb225\">\n.flex_column.av-2oc949-0f717148843ecb41a721cebe612fb225{\nborder-radius:0px 0px 0px 0px;\npadding:0px 0px 0px 0px;\n}\n<\/style>\n<div  class='flex_column av-2oc949-0f717148843ecb41a721cebe612fb225 av_one_half  avia-builder-el-10  el_after_av_one_half  el_before_av_one_half  first flex_column_div av-zero-column-padding  column-top-margin'     ><section  class='av_textblock_section av-k86d5lut-5ec034f7a20fa11a31722a3340a66fcf '   itemscope=\"itemscope\" itemtype=\"https:\/\/schema.org\/CreativeWork\" ><div class='avia_textblock'  itemprop=\"text\" ><p>Questa mossa politica ebbe lo scopo di ostacolare le azioni umanitarie e salvavita di Sea-Eye, perch\u00e8 entrambe le navi erano, fino a quel momento, regolarmente iscritte nel registro navale olandese. Gli stati europei provarono con una ancora pi\u00f9 restrittiva politica di isolamento, che cont\u00f2 milioni di morti nel Mediterraneo, a ridurre il numero di arrivi di persone in cerca di protezione. I Diritti Umani dei profughi vennero fortemente ignorati e violati.<\/p>\n<\/div><\/section><\/div>\n\n<style type=\"text\/css\" data-created_by=\"avia_inline_auto\" id=\"style-css-av-5q6xy1-51e595770d90350d926b2638a3c0b3a9\">\n.flex_column.av-5q6xy1-51e595770d90350d926b2638a3c0b3a9{\nborder-radius:0px 0px 0px 0px;\npadding:0px 0px 0px 0px;\n}\n<\/style>\n<div  class='flex_column av-5q6xy1-51e595770d90350d926b2638a3c0b3a9 av_one_half  avia-builder-el-12  el_after_av_one_half  el_before_av_hr  flex_column_div av-zero-column-padding  column-top-margin'     ><div  class='avia-slideshow av-l3wrh9zk-7840a160a4e74c8fde1e7f2bbd4bc6f7 avia-slideshow-no scaling av_slideshow avia-slide-slider  avia-builder-el-13  avia-builder-el-no-sibling  av-slideshow-ui av-control-default av-slideshow-manual av-loop-once av-loop-manual-endless av-default-height-applied avia-slideshow-4' data-slideshow-options=\"{&quot;animation&quot;:&quot;slide&quot;,&quot;autoplay&quot;:false,&quot;loop_autoplay&quot;:&quot;once&quot;,&quot;interval&quot;:5,&quot;loop_manual&quot;:&quot;manual-endless&quot;,&quot;autoplay_stopper&quot;:false,&quot;noNavigation&quot;:false,&quot;bg_slider&quot;:false,&quot;keep_padding&quot;:false,&quot;hoverpause&quot;:false,&quot;show_slide_delay&quot;:0}\"  itemprop=\"image\" itemscope=\"itemscope\" itemtype=\"https:\/\/schema.org\/ImageObject\" ><ul class='avia-slideshow-inner ' style='padding-bottom: 75%;'><li  class='avia-slideshow-slide av-l3wrh9zk-7840a160a4e74c8fde1e7f2bbd4bc6f7__0  av-single-slide slide-1 slide-odd'><div data-rel='slideshow-4' class='avia-slide-wrap '   ><img decoding=\"async\" fetchpriority=\"high\" class=\"wp-image-4636 avia-img-lazy-loading-not-4636\"  src=\"https:\/\/sea-eye.org\/wp-content\/uploads\/2020\/03\/Seefuchs_2018_c_sea-eye.org_.jpeg\" width=\"2048\" height=\"1536\" title='Seefuchs_2018_c_sea-eye.org' alt='Seefuchs'  itemprop=\"thumbnailUrl\" srcset=\"https:\/\/sea-eye.org\/wp-content\/uploads\/2020\/03\/Seefuchs_2018_c_sea-eye.org_.jpeg 2048w, https:\/\/sea-eye.org\/wp-content\/uploads\/2020\/03\/Seefuchs_2018_c_sea-eye.org_-300x225.jpeg 300w, https:\/\/sea-eye.org\/wp-content\/uploads\/2020\/03\/Seefuchs_2018_c_sea-eye.org_-1030x773.jpeg 1030w, https:\/\/sea-eye.org\/wp-content\/uploads\/2020\/03\/Seefuchs_2018_c_sea-eye.org_-768x576.jpeg 768w, https:\/\/sea-eye.org\/wp-content\/uploads\/2020\/03\/Seefuchs_2018_c_sea-eye.org_-1536x1152.jpeg 1536w, https:\/\/sea-eye.org\/wp-content\/uploads\/2020\/03\/Seefuchs_2018_c_sea-eye.org_-1500x1125.jpeg 1500w, https:\/\/sea-eye.org\/wp-content\/uploads\/2020\/03\/Seefuchs_2018_c_sea-eye.org_-705x529.jpeg 705w\" sizes=\"(max-width: 2048px) 100vw, 2048px\" \/><\/div><\/li><\/ul><\/div><\/div>\n<style type=\"text\/css\" data-created_by=\"avia_inline_auto\" id=\"style-css-av-k87t8syr-247755f7d4dd95cd930dfa42c81693d0\">\n#top .hr.hr-invisible.av-k87t8syr-247755f7d4dd95cd930dfa42c81693d0{\nheight:70px;\n}\n<\/style>\n<div  class='hr av-k87t8syr-247755f7d4dd95cd930dfa42c81693d0 hr-invisible  avia-builder-el-14  el_after_av_one_half  el_before_av_social_share '><span class='hr-inner '><span class=\"hr-inner-style\"><\/span><\/span><\/div><\/p>\n<div  class='av-social-sharing-box av-2zuzmh-2df5501ba0b3c74101a7b6270d6664d6 av-social-sharing-box-default  avia-builder-el-15  el_after_av_hr  avia-builder-el-last  av-social-sharing-box-fullwidth'><div class=\"av-share-box\"><h5 class='av-share-link-description av-no-toc '>Condividi ora<\/h5><ul class=\"av-share-box-list noLightbox\"><li class='av-share-link av-social-link-facebook avia_social_iconfont' ><a target=\"_blank\" aria-label=\"Condividi su Facebook\" href='https:\/\/www.facebook.com\/sharer.php?u=https:\/\/sea-eye.org\/it\/informare\/seefuchs\/&#038;t=SEEFUCHS' data-av_icon='\ue8f3' data-av_iconfont='entypo-fontello'  title='' data-avia-related-tooltip='Condividi su Facebook'><span class='avia_hidden_link_text'>Condividi su Facebook<\/span><\/a><\/li><li class='av-share-link av-social-link-twitter avia_social_iconfont' ><a target=\"_blank\" aria-label=\"Condividi su X\" href='https:\/\/twitter.com\/share?text=SEEFUCHS&#038;url=https:\/\/sea-eye.org\/it\/?p=7638' data-av_icon='\ue932' data-av_iconfont='entypo-fontello'  title='' data-avia-related-tooltip='Condividi su X'><span class='avia_hidden_link_text'>Condividi su X<\/span><\/a><\/li><li class='av-share-link av-social-link-whatsapp avia_social_iconfont' ><a target=\"_blank\" aria-label=\"Condividi su WhatsApp\" href='https:\/\/api.whatsapp.com\/send?text=https:\/\/sea-eye.org\/it\/informare\/seefuchs\/' data-av_icon='\uf232' data-av_iconfont='entypo-fontello'  title='' data-avia-related-tooltip='Condividi su WhatsApp'><span class='avia_hidden_link_text'>Condividi su WhatsApp<\/span><\/a><\/li><li class='av-share-link av-social-link-mail avia_social_iconfont' ><a  aria-label=\"Condividi attraverso Mail\" href='mailto:?subject=SEEFUCHS&#038;body=https:\/\/sea-eye.org\/it\/informare\/seefuchs\/' data-av_icon='\ue805' data-av_iconfont='entypo-fontello'  title='' data-avia-related-tooltip='Condividi attraverso Mail'><span class='avia_hidden_link_text'>Condividi attraverso Mail<\/span><\/a><\/li><\/ul><\/div><\/div>\n","protected":false},"excerpt":{"rendered":"","protected":false},"author":2,"featured_media":4869,"parent":5822,"menu_order":0,"comment_status":"closed","ping_status":"closed","template":"","meta":{"footnotes":""},"class_list":["post-7638","page","type-page","status-publish","has-post-thumbnail","hentry"],"yoast_head":"<!-- This site is optimized with the Yoast SEO plugin v27.3 - https:\/\/yoast.com\/product\/yoast-seo-wordpress\/ -->\n<title>SEEFUCHS - Sea-Eye<\/title>\n<meta name=\"description\" content=\"La seconda nave di salvataggio Sea-Eye ha salvato la vita a pi\u00f9 di mille persone nel Mediterraneo.\" \/>\n<meta name=\"robots\" content=\"index, follow, max-snippet:-1, max-image-preview:large, max-video-preview:-1\" \/>\n<link rel=\"canonical\" href=\"https:\/\/sea-eye.org\/it\/informare\/seefuchs\/\" \/>\n<meta property=\"og:locale\" content=\"it_IT\" \/>\n<meta property=\"og:type\" content=\"article\" \/>\n<meta property=\"og:title\" content=\"SEEFUCHS - Sea-Eye\" \/>\n<meta property=\"og:description\" content=\"La seconda nave di salvataggio Sea-Eye ha salvato la vita a pi\u00f9 di mille persone nel Mediterraneo.\" \/>\n<meta property=\"og:url\" content=\"https:\/\/sea-eye.org\/it\/informare\/seefuchs\/\" \/>\n<meta property=\"og:site_name\" content=\"Sea-Eye\" \/>\n<meta property=\"article:publisher\" content=\"https:\/\/www.facebook.com\/seaeyeorg\/\" \/>\n<meta property=\"article:modified_time\" content=\"2022-06-02T08:34:31+00:00\" \/>\n<meta property=\"og:image\" content=\"https:\/\/sea-eye.org\/wp-content\/uploads\/2020\/03\/Seefuchs_Mittelmeer_3_c_sea-eye.org_.jpg\" \/>\n\t<meta property=\"og:image:width\" content=\"2048\" \/>\n\t<meta property=\"og:image:height\" content=\"1366\" \/>\n\t<meta property=\"og:image:type\" content=\"image\/jpeg\" \/>\n<meta name=\"twitter:card\" content=\"summary_large_image\" \/>\n<meta name=\"twitter:site\" content=\"@seaeyeorg\" \/>\n<meta name=\"twitter:label1\" content=\"Tempo di lettura stimato\" \/>\n\t<meta name=\"twitter:data1\" content=\"5 minuti\" \/>\n<script type=\"application\/ld+json\" class=\"yoast-schema-graph\">{\"@context\":\"https:\\\/\\\/schema.org\",\"@graph\":[{\"@type\":\"WebPage\",\"@id\":\"https:\\\/\\\/sea-eye.org\\\/it\\\/informare\\\/seefuchs\\\/\",\"url\":\"https:\\\/\\\/sea-eye.org\\\/it\\\/informare\\\/seefuchs\\\/\",\"name\":\"SEEFUCHS - Sea-Eye\",\"isPartOf\":{\"@id\":\"https:\\\/\\\/sea-eye.org\\\/#website\"},\"primaryImageOfPage\":{\"@id\":\"https:\\\/\\\/sea-eye.org\\\/it\\\/informare\\\/seefuchs\\\/#primaryimage\"},\"image\":{\"@id\":\"https:\\\/\\\/sea-eye.org\\\/it\\\/informare\\\/seefuchs\\\/#primaryimage\"},\"thumbnailUrl\":\"https:\\\/\\\/sea-eye.org\\\/wp-content\\\/uploads\\\/2020\\\/03\\\/Seefuchs_Mittelmeer_3_c_sea-eye.org_.jpg\",\"datePublished\":\"2020-03-24T21:18:01+00:00\",\"dateModified\":\"2022-06-02T08:34:31+00:00\",\"description\":\"La seconda nave di salvataggio Sea-Eye ha salvato la vita a pi\u00f9 di mille persone nel Mediterraneo.\",\"breadcrumb\":{\"@id\":\"https:\\\/\\\/sea-eye.org\\\/it\\\/informare\\\/seefuchs\\\/#breadcrumb\"},\"inLanguage\":\"it-IT\",\"potentialAction\":[{\"@type\":\"ReadAction\",\"target\":[\"https:\\\/\\\/sea-eye.org\\\/it\\\/informare\\\/seefuchs\\\/\"]}]},{\"@type\":\"ImageObject\",\"inLanguage\":\"it-IT\",\"@id\":\"https:\\\/\\\/sea-eye.org\\\/it\\\/informare\\\/seefuchs\\\/#primaryimage\",\"url\":\"https:\\\/\\\/sea-eye.org\\\/wp-content\\\/uploads\\\/2020\\\/03\\\/Seefuchs_Mittelmeer_3_c_sea-eye.org_.jpg\",\"contentUrl\":\"https:\\\/\\\/sea-eye.org\\\/wp-content\\\/uploads\\\/2020\\\/03\\\/Seefuchs_Mittelmeer_3_c_sea-eye.org_.jpg\",\"width\":2048,\"height\":1366,\"caption\":\"SEEFUCHS nel Mediterraneo\"},{\"@type\":\"BreadcrumbList\",\"@id\":\"https:\\\/\\\/sea-eye.org\\\/it\\\/informare\\\/seefuchs\\\/#breadcrumb\",\"itemListElement\":[{\"@type\":\"ListItem\",\"position\":1,\"name\":\"Startseite\",\"item\":\"https:\\\/\\\/sea-eye.org\\\/it\\\/\"},{\"@type\":\"ListItem\",\"position\":2,\"name\":\"Informare\",\"item\":\"https:\\\/\\\/sea-eye.org\\\/it\\\/informare\\\/\"},{\"@type\":\"ListItem\",\"position\":3,\"name\":\"SEEFUCHS\"}]},{\"@type\":\"WebSite\",\"@id\":\"https:\\\/\\\/sea-eye.org\\\/#website\",\"url\":\"https:\\\/\\\/sea-eye.org\\\/\",\"name\":\"Sea-Eye\",\"description\":\"Seenotrettung auf dem Mittelmeer\",\"publisher\":{\"@id\":\"https:\\\/\\\/sea-eye.org\\\/#organization\"},\"potentialAction\":[{\"@type\":\"SearchAction\",\"target\":{\"@type\":\"EntryPoint\",\"urlTemplate\":\"https:\\\/\\\/sea-eye.org\\\/?s={search_term_string}\"},\"query-input\":{\"@type\":\"PropertyValueSpecification\",\"valueRequired\":true,\"valueName\":\"search_term_string\"}}],\"inLanguage\":\"it-IT\"},{\"@type\":\"Organization\",\"@id\":\"https:\\\/\\\/sea-eye.org\\\/#organization\",\"name\":\"Sea-Eye e. V.\",\"url\":\"https:\\\/\\\/sea-eye.org\\\/\",\"logo\":{\"@type\":\"ImageObject\",\"inLanguage\":\"it-IT\",\"@id\":\"https:\\\/\\\/sea-eye.org\\\/#\\\/schema\\\/logo\\\/image\\\/\",\"url\":\"https:\\\/\\\/sea-eye.org\\\/wp-content\\\/uploads\\\/2019\\\/09\\\/seaeye.png\",\"contentUrl\":\"https:\\\/\\\/sea-eye.org\\\/wp-content\\\/uploads\\\/2019\\\/09\\\/seaeye.png\",\"width\":363,\"height\":364,\"caption\":\"Sea-Eye e. V.\"},\"image\":{\"@id\":\"https:\\\/\\\/sea-eye.org\\\/#\\\/schema\\\/logo\\\/image\\\/\"},\"sameAs\":[\"https:\\\/\\\/www.facebook.com\\\/seaeyeorg\\\/\",\"https:\\\/\\\/x.com\\\/seaeyeorg\",\"https:\\\/\\\/www.instagram.com\\\/seaeye_org\\\/\",\"https:\\\/\\\/www.youtube.com\\\/channel\\\/UC2tL22q9WD1FfkOdePfiEdg\",\"https:\\\/\\\/de.wikipedia.org\\\/wiki\\\/Sea-Eye\",\"https:\\\/\\\/bsky.app\\\/profile\\\/sea-eye.org\"]}]}<\/script>\n<!-- \/ Yoast SEO plugin. -->","yoast_head_json":{"title":"SEEFUCHS - Sea-Eye","description":"La seconda nave di salvataggio Sea-Eye ha salvato la vita a pi\u00f9 di mille persone nel Mediterraneo.","robots":{"index":"index","follow":"follow","max-snippet":"max-snippet:-1","max-image-preview":"max-image-preview:large","max-video-preview":"max-video-preview:-1"},"canonical":"https:\/\/sea-eye.org\/it\/informare\/seefuchs\/","og_locale":"it_IT","og_type":"article","og_title":"SEEFUCHS - Sea-Eye","og_description":"La seconda nave di salvataggio Sea-Eye ha salvato la vita a pi\u00f9 di mille persone nel Mediterraneo.","og_url":"https:\/\/sea-eye.org\/it\/informare\/seefuchs\/","og_site_name":"Sea-Eye","article_publisher":"https:\/\/www.facebook.com\/seaeyeorg\/","article_modified_time":"2022-06-02T08:34:31+00:00","og_image":[{"width":2048,"height":1366,"url":"https:\/\/sea-eye.org\/wp-content\/uploads\/2020\/03\/Seefuchs_Mittelmeer_3_c_sea-eye.org_.jpg","type":"image\/jpeg"}],"twitter_card":"summary_large_image","twitter_site":"@seaeyeorg","twitter_misc":{"Tempo di lettura stimato":"5 minuti"},"schema":{"@context":"https:\/\/schema.org","@graph":[{"@type":"WebPage","@id":"https:\/\/sea-eye.org\/it\/informare\/seefuchs\/","url":"https:\/\/sea-eye.org\/it\/informare\/seefuchs\/","name":"SEEFUCHS - Sea-Eye","isPartOf":{"@id":"https:\/\/sea-eye.org\/#website"},"primaryImageOfPage":{"@id":"https:\/\/sea-eye.org\/it\/informare\/seefuchs\/#primaryimage"},"image":{"@id":"https:\/\/sea-eye.org\/it\/informare\/seefuchs\/#primaryimage"},"thumbnailUrl":"https:\/\/sea-eye.org\/wp-content\/uploads\/2020\/03\/Seefuchs_Mittelmeer_3_c_sea-eye.org_.jpg","datePublished":"2020-03-24T21:18:01+00:00","dateModified":"2022-06-02T08:34:31+00:00","description":"La seconda nave di salvataggio Sea-Eye ha salvato la vita a pi\u00f9 di mille persone nel Mediterraneo.","breadcrumb":{"@id":"https:\/\/sea-eye.org\/it\/informare\/seefuchs\/#breadcrumb"},"inLanguage":"it-IT","potentialAction":[{"@type":"ReadAction","target":["https:\/\/sea-eye.org\/it\/informare\/seefuchs\/"]}]},{"@type":"ImageObject","inLanguage":"it-IT","@id":"https:\/\/sea-eye.org\/it\/informare\/seefuchs\/#primaryimage","url":"https:\/\/sea-eye.org\/wp-content\/uploads\/2020\/03\/Seefuchs_Mittelmeer_3_c_sea-eye.org_.jpg","contentUrl":"https:\/\/sea-eye.org\/wp-content\/uploads\/2020\/03\/Seefuchs_Mittelmeer_3_c_sea-eye.org_.jpg","width":2048,"height":1366,"caption":"SEEFUCHS nel Mediterraneo"},{"@type":"BreadcrumbList","@id":"https:\/\/sea-eye.org\/it\/informare\/seefuchs\/#breadcrumb","itemListElement":[{"@type":"ListItem","position":1,"name":"Startseite","item":"https:\/\/sea-eye.org\/it\/"},{"@type":"ListItem","position":2,"name":"Informare","item":"https:\/\/sea-eye.org\/it\/informare\/"},{"@type":"ListItem","position":3,"name":"SEEFUCHS"}]},{"@type":"WebSite","@id":"https:\/\/sea-eye.org\/#website","url":"https:\/\/sea-eye.org\/","name":"Sea-Eye","description":"Seenotrettung auf dem Mittelmeer","publisher":{"@id":"https:\/\/sea-eye.org\/#organization"},"potentialAction":[{"@type":"SearchAction","target":{"@type":"EntryPoint","urlTemplate":"https:\/\/sea-eye.org\/?s={search_term_string}"},"query-input":{"@type":"PropertyValueSpecification","valueRequired":true,"valueName":"search_term_string"}}],"inLanguage":"it-IT"},{"@type":"Organization","@id":"https:\/\/sea-eye.org\/#organization","name":"Sea-Eye e. V.","url":"https:\/\/sea-eye.org\/","logo":{"@type":"ImageObject","inLanguage":"it-IT","@id":"https:\/\/sea-eye.org\/#\/schema\/logo\/image\/","url":"https:\/\/sea-eye.org\/wp-content\/uploads\/2019\/09\/seaeye.png","contentUrl":"https:\/\/sea-eye.org\/wp-content\/uploads\/2019\/09\/seaeye.png","width":363,"height":364,"caption":"Sea-Eye e. V."},"image":{"@id":"https:\/\/sea-eye.org\/#\/schema\/logo\/image\/"},"sameAs":["https:\/\/www.facebook.com\/seaeyeorg\/","https:\/\/x.com\/seaeyeorg","https:\/\/www.instagram.com\/seaeye_org\/","https:\/\/www.youtube.com\/channel\/UC2tL22q9WD1FfkOdePfiEdg","https:\/\/de.wikipedia.org\/wiki\/Sea-Eye","https:\/\/bsky.app\/profile\/sea-eye.org"]}]}},"_links":{"self":[{"href":"https:\/\/sea-eye.org\/it\/wp-json\/wp\/v2\/pages\/7638","targetHints":{"allow":["GET"]}}],"collection":[{"href":"https:\/\/sea-eye.org\/it\/wp-json\/wp\/v2\/pages"}],"about":[{"href":"https:\/\/sea-eye.org\/it\/wp-json\/wp\/v2\/types\/page"}],"author":[{"embeddable":true,"href":"https:\/\/sea-eye.org\/it\/wp-json\/wp\/v2\/users\/2"}],"replies":[{"embeddable":true,"href":"https:\/\/sea-eye.org\/it\/wp-json\/wp\/v2\/comments?post=7638"}],"version-history":[{"count":18,"href":"https:\/\/sea-eye.org\/it\/wp-json\/wp\/v2\/pages\/7638\/revisions"}],"predecessor-version":[{"id":22866,"href":"https:\/\/sea-eye.org\/it\/wp-json\/wp\/v2\/pages\/7638\/revisions\/22866"}],"up":[{"embeddable":true,"href":"https:\/\/sea-eye.org\/it\/wp-json\/wp\/v2\/pages\/5822"}],"wp:featuredmedia":[{"embeddable":true,"href":"https:\/\/sea-eye.org\/it\/wp-json\/wp\/v2\/media\/4869"}],"wp:attachment":[{"href":"https:\/\/sea-eye.org\/it\/wp-json\/wp\/v2\/media?parent=7638"}],"curies":[{"name":"wp","href":"https:\/\/api.w.org\/{rel}","templated":true}]}}